{"id":88476,"date":"2021-05-10T19:37:26","date_gmt":"2021-05-10T17:37:26","guid":{"rendered":"https:\/\/www.h-mc.de\/?page_id=88476"},"modified":"2024-02-02T22:36:35","modified_gmt":"2024-02-02T21:36:35","slug":"impressum","status":"publish","type":"page","link":"https:\/\/www.h-mc.de\/index.php\/impressum\/","title":{"rendered":"Impressum"},"content":{"rendered":"<div class=\"wpb-content-wrapper\"><p>[vc_row][vc_column width=&#8220;1\/1&#8243;][vc_custom_heading]Impressum[\/vc_custom_heading][\/vc_column][\/vc_row][vc_row][vc_column width=&#8220;1\/1&#8243;][vc_column_text uncode_shortcode_id=&#8220;180908&#8243;]<strong>Angaben gem\u00e4\u00df \u00a7 5 TMG:<\/strong><\/p>\n<p>Haertel Management Consulting GmbH<br \/>\nBgm.-Schweiger-Str. 9a<br \/>\n82389 B\u00f6bing<\/p>\n<p>Sitz der Gesellschaft ist B\u00f6bing<br \/>\nRegistergericht: Amtsgericht M\u00fcnchen<br \/>\nHandelsregisternummer: HRB 272839<\/p>\n<p>Umsatzsteueridentifikationsnummer gem\u00e4\u00df \u00a727a Umsatzsteuergesetz:<br \/>\nDE349964151<\/p>\n<p>&nbsp;<\/p>\n<p><strong>Gesch\u00e4ftsf\u00fchrer und nach\u00a0<\/strong><strong>\u00a7 55 Abs. 2 RStV verantwortlich f\u00fcr den Inhalt:<br \/>\n<\/strong>Dr. Ingo H\u00e4rtel<\/p>\n<p><strong>Kontakt:<br \/>\n<\/strong>Telefon: +49 8867 912 16 92<br \/>\nFax: +49 8867 912 16 93<\/p>\n<p>E-Mail:\u00a0info@h-mc.de<\/p>\n<p><strong>Dieses Impressum gilt auch f\u00fcr die Darstellung unseres Unternehmens auf:<\/strong><\/p>\n<p>LinkedIn: https:\/\/de.linkedin.com\/company\/79435367<\/p>\n<p><strong>Quellenangaben f\u00fcr die verwendeten Bilder und Grafiken:<br \/>\n<\/strong>www.shutterstock.com, Sch\u00f6ne Landschaft mit hohen Bergen von Denis Belitsky, Ort: Startseite und Stellenanzeigen, ID 1026632266<br \/>\nwww.shutterstock.com, Steinhaufen auf grauem, gestreiftem Hintergrund, ID1202681389<br \/>\nwww.shutterstock.com, Bergsteiger erreichen den Gipfel des Berggipfels von Vixit, Ort: Startseite und Kompetenzen, ID 726163324<br \/>\nwww.shutterstock.com, Strukturelles Glasfassade-Ziehdach von fantastischem B\u00fcrogeb\u00e4ude von nuu_jeed, Ort: Startseite und Kompetenzen, ID 505608061<br \/>\nde.123rf.com, Futuristisches Technologiekonzept von ipopba, Ort: Startseite und Kompetenzen, ID 106927231<br \/>\nwww.shutterstock.com, 3D-Rendering abstrakter Kunst von Philipp Tur, Ort: Startseite und Kompetenzen, ID 1842714445<br \/>\nwww.shutterstock.com, Der junge Mann, der auf der Klippe nach oben schaut von Photobac, Ort: Unser Ansatz, ID 597644192<br \/>\nwww.shutterstock.com, Gruppe von Leuten, die Wildwasser-Rafting betreiben&#8220; von Altrendo Images, Ort: Karriere, ID 1590163888<br \/>\nde.123rf.com, Indonesien Hohe Aufl\u00f6sung von xtockimages, Ort: Karriere, ID 28481636<br \/>\nwww.shutterstock, Gesch\u00e4ftsmann Netzwerkverbindung, ID 2135203143<\/p>\n<h3>Haftungsausschluss<\/h3>\n<p><strong>1. Inhalte des Onlineangebotes<br \/>\n<\/strong>H&amp;W \u00fcbernimmt keinerlei Gew\u00e4hr f\u00fcr die Aktualit\u00e4t, Korrektheit, Vollst\u00e4ndigkeit oder Qualit\u00e4t der bereitgestellten Informationen. Haftungsanspr\u00fcche gegen H&amp;W, welche sich auf Sch\u00e4den materieller oder ideeller Art beziehen, die durch die Nutzung oder Nichtnutzung der dargebotenen Informationen bzw. durch die Nutzung fehlerhafter und unvollst\u00e4ndiger Informationen verursacht wurden, sind grunds\u00e4tzlich ausgeschlossen, sofern seitens H&amp;W kein nachweislich vors\u00e4tzliches oder grob fahrl\u00e4ssiges Verschulden vorliegt. Alle Angebote sind freibleibend und unverbindlich. H&amp;W beh\u00e4lt es sich ausdr\u00fccklich vor, Teile der Seiten oder das gesamte Angebot ohne gesonderte Ank\u00fcndigung zu ver\u00e4ndern, zu erg\u00e4nzen, zu l\u00f6schen oder die Ver\u00f6ffentlichung zeitweise oder endg\u00fcltig einzustellen.<\/p>\n<p><strong>2.Verweise und Links<\/strong><br \/>\nBei direkten oder indirekten Verweisen auf fremde Internetseiten (\u201eLinks\u201c), die au\u00dferhalb des Verantwortungsbereiches von H&amp;W liegen, w\u00fcrde eine Haftungsverpflichtung ausschlie\u00dflich in dem Fall in Kraft treten, in dem H&amp;W von den Inhalten Kenntnis hat und es technisch m\u00f6glich und zumutbar w\u00e4re, die Nutzung im Falle rechtswidriger Inhalte zu verhindern. H&amp;W erkl\u00e4rt daher ausdr\u00fccklich, dass zum Zeitpunkt der Linksetzung die entsprechenden verlinkten Seiten frei von illegalen Inhalten waren. H&amp;W hat keinerlei Einfluss auf die aktuelle und zuk\u00fcnftige Gestaltung und auf die Inhalte der gelinkten\/verkn\u00fcpften Seiten. Deshalb distanziert sich H&amp;W hiermit ausdr\u00fccklich von allen Inhalten aller gelinkten \/verkn\u00fcpften Seiten, die nach der Linksetzung ver\u00e4ndert wurden. Diese Feststellung gilt f\u00fcr alle innerhalb des eigenen Internetangebotes gesetzten Links und Verweise sowie f\u00fcr Fremdeintr\u00e4ge in von H&amp;W eingerichteten G\u00e4steb\u00fcchern, Diskussionsforen und Mailinglisten. F\u00fcr illegale, fehlerhafte oder unvollst\u00e4ndige Inhalte und insbesondere f\u00fcr Sch\u00e4den, die aus der Nutzung oder Nichtnutzung solcherart dargebotener Informationen entstehen, haftet allein der Anbieter der Seite, auf welche verwiesen wurde, nicht derjenige, der \u00fcber Links auf die jeweilige Ver\u00f6ffentlichung lediglich verweist.<\/p>\n<p><strong>3.Urheber- und Kennzeichenrecht<\/strong><br \/>\nH&amp;W ist bestrebt, in allen Publikationen die Urheberrechte der verwendeten Grafiken, Tondokumente, Videosequenzen und Texte zu beachten, von H&amp;W selbst erstellte Grafiken, Tondokumente, Videosequenzen und Texte zu nutzen oder auf lizenzfreie Grafiken, Tondokumente, Videosequenzen und Texte zur\u00fcckzugreifen. Alle innerhalb des Internetangebotes genannten und ggf. durch Dritte gesch\u00fctzten Marken- und Warenzeichen unterliegen uneingeschr\u00e4nkt den Bestimmungen des jeweils g\u00fcltigen Kennzeichenrechts und den Besitzrechten der jeweiligen eingetragenen Eigent\u00fcmer. Allein aufgrund der blo\u00dfen Nennung ist nicht der Schluss zu ziehen, dass Markenzeichen nicht durch Rechte Dritter gesch\u00fctzt sind. Das Copyright f\u00fcr ver\u00f6ffentlichte, von H&amp;W selbst erstellte Objekte bleibt allein H&amp;W. Eine Vervielf\u00e4ltigung oder Verwendung solcher Grafiken, Tondokumente, Videosequenzen und Texte in anderen elektronischen oder gedruckten Publikationen ist ohne ausdr\u00fcckliche Zustimmung von H&amp;W nicht gestattet.<\/p>\n<p><strong>4. Rechtswirksamkeit dieses Haftungsausschlusses<\/strong><br \/>\nDieser Haftungsausschluss ist als Teil des Internetangebotes zu betrachten, von dem aus auf diese Seite verwiesen wurde. Sofern Teile oder einzelne Formulierungen dieses Textes der geltenden Rechtslage nicht, nicht mehr oder nicht vollst\u00e4ndig entsprechen sollten, bleiben die \u00fcbrigen Teile des Dokumentes in ihrem Inhalt und ihrer G\u00fcltigkeit davon unber\u00fchrt.<\/p>\n<p><strong>5. Werbung<\/strong><br \/>\nDer Nutzung von im Rahmen der Impressumspflicht ver\u00f6ffentlichten Kontaktdaten durch Dritte zur \u00dcbersendung von nicht ausdr\u00fccklich angeforderter Werbung und Informationsmaterialien wird hiermit ausdr\u00fccklich widersprochen. Die Betreiber der Seiten behalten sich ausdr\u00fccklich rechtliche Schritte im Falle der unverlangten Zusendung von Werbeinformationen, etwa durch Spam-Mails, vor.[\/vc_column_text][\/vc_column][\/vc_row]<\/p>\n<\/div>","protected":false},"excerpt":{"rendered":"<p>[vc_row][vc_column width=&#8220;1\/1&#8243;][vc_custom_heading]Impressum[\/vc_custom_heading][\/vc_column][\/vc_row][vc_row][vc_column width=&#8220;1\/1&#8243;][vc_column_text uncode_shortcode_id=&#8220;180908&#8243;]Angaben gem\u00e4\u00df \u00a7 5 TMG: Haertel Management Consulting GmbH Bgm.-Schweiger-Str. 9a 82389 B\u00f6bing Sitz der Gesellschaft ist [&hellip;]<\/p>\n","protected":false},"author":1,"featured_media":0,"parent":0,"menu_order":0,"comment_status":"open","ping_status":"closed","template":"","meta":{"footnotes":""},"class_list":["post-88476","page","type-page","status-publish","hentry","page_category-active"],"yoast_head":"<!-- This site is optimized with the Yoast SEO plugin v27.4 - https:\/\/yoast.com\/product\/yoast-seo-wordpress\/ -->\n<title>Impressum - Haertel Management Consulting GmbH<\/title>\n<meta name=\"robots\" content=\"index, follow, max-snippet:-1, max-image-preview:large, max-video-preview:-1\" \/>\n<link rel=\"canonical\" href=\"https:\/\/www.h-mc.de\/index.php\/impressum\/\" \/>\n<meta property=\"og:locale\" content=\"de_DE\" \/>\n<meta property=\"og:type\" content=\"article\" \/>\n<meta property=\"og:title\" content=\"Impressum - Haertel Management Consulting GmbH\" \/>\n<meta property=\"og:description\" content=\"[vc_row][vc_column width=&#8220;1\/1&#8243;][vc_custom_heading]Impressum[\/vc_custom_heading][\/vc_column][\/vc_row][vc_row][vc_column width=&#8220;1\/1&#8243;][vc_column_text uncode_shortcode_id=&#8220;180908&#8243;]Angaben gem\u00e4\u00df \u00a7 5 TMG: Haertel Management Consulting GmbH Bgm.-Schweiger-Str. 9a 82389 B\u00f6bing Sitz der Gesellschaft ist [&hellip;]\" \/>\n<meta property=\"og:url\" content=\"https:\/\/www.h-mc.de\/index.php\/impressum\/\" \/>\n<meta property=\"og:site_name\" content=\"Haertel Management Consulting GmbH\" \/>\n<meta property=\"article:modified_time\" content=\"2024-02-02T21:36:35+00:00\" \/>\n<meta name=\"twitter:card\" content=\"summary_large_image\" \/>\n<meta name=\"twitter:label1\" content=\"Gesch\u00e4tzte Lesezeit\" \/>\n\t<meta name=\"twitter:data1\" content=\"4\u00a0Minuten\" \/>\n<script type=\"application\/ld+json\" class=\"yoast-schema-graph\">{\"@context\":\"https:\\\/\\\/schema.org\",\"@graph\":[{\"@type\":\"WebPage\",\"@id\":\"https:\\\/\\\/www.h-mc.de\\\/index.php\\\/impressum\\\/\",\"url\":\"https:\\\/\\\/www.h-mc.de\\\/index.php\\\/impressum\\\/\",\"name\":\"Impressum - Haertel Management Consulting GmbH\",\"isPartOf\":{\"@id\":\"https:\\\/\\\/www.h-mc.de\\\/#website\"},\"datePublished\":\"2021-05-10T17:37:26+00:00\",\"dateModified\":\"2024-02-02T21:36:35+00:00\",\"breadcrumb\":{\"@id\":\"https:\\\/\\\/www.h-mc.de\\\/index.php\\\/impressum\\\/#breadcrumb\"},\"inLanguage\":\"de\",\"potentialAction\":[{\"@type\":\"ReadAction\",\"target\":[\"https:\\\/\\\/www.h-mc.de\\\/index.php\\\/impressum\\\/\"]}]},{\"@type\":\"BreadcrumbList\",\"@id\":\"https:\\\/\\\/www.h-mc.de\\\/index.php\\\/impressum\\\/#breadcrumb\",\"itemListElement\":[{\"@type\":\"ListItem\",\"position\":1,\"name\":\"Startseite\",\"item\":\"https:\\\/\\\/www.h-mc.de\\\/\"},{\"@type\":\"ListItem\",\"position\":2,\"name\":\"Impressum\"}]},{\"@type\":\"WebSite\",\"@id\":\"https:\\\/\\\/www.h-mc.de\\\/#website\",\"url\":\"https:\\\/\\\/www.h-mc.de\\\/\",\"name\":\"Haertel Management Consulting GmbH\",\"description\":\"Wertsch\u00f6pfende Probleml\u00f6sung durch quantitativ messbare Resultate \u201eon Time\u201c und \u201eon Budget\u201c\",\"publisher\":{\"@id\":\"https:\\\/\\\/www.h-mc.de\\\/#organization\"},\"potentialAction\":[{\"@type\":\"SearchAction\",\"target\":{\"@type\":\"EntryPoint\",\"urlTemplate\":\"https:\\\/\\\/www.h-mc.de\\\/?s={search_term_string}\"},\"query-input\":{\"@type\":\"PropertyValueSpecification\",\"valueRequired\":true,\"valueName\":\"search_term_string\"}}],\"inLanguage\":\"de\"},{\"@type\":\"Organization\",\"@id\":\"https:\\\/\\\/www.h-mc.de\\\/#organization\",\"name\":\"Haertel Management Consulting GmbH\",\"url\":\"https:\\\/\\\/www.h-mc.de\\\/\",\"logo\":{\"@type\":\"ImageObject\",\"inLanguage\":\"de\",\"@id\":\"https:\\\/\\\/www.h-mc.de\\\/#\\\/schema\\\/logo\\\/image\\\/\",\"url\":\"https:\\\/\\\/www.h-mc.de\\\/wp-content\\\/uploads\\\/2022\\\/02\\\/Logo-Schriftzug.png\",\"contentUrl\":\"https:\\\/\\\/www.h-mc.de\\\/wp-content\\\/uploads\\\/2022\\\/02\\\/Logo-Schriftzug.png\",\"width\":2238,\"height\":137,\"caption\":\"Haertel Management Consulting GmbH\"},\"image\":{\"@id\":\"https:\\\/\\\/www.h-mc.de\\\/#\\\/schema\\\/logo\\\/image\\\/\"},\"sameAs\":[\"https:\\\/\\\/www.linkedin.com\\\/company\\\/79435367\"]}]}<\/script>\n<!-- \/ Yoast SEO plugin. -->","yoast_head_json":{"title":"Impressum - Haertel Management Consulting GmbH","robots":{"index":"index","follow":"follow","max-snippet":"max-snippet:-1","max-image-preview":"max-image-preview:large","max-video-preview":"max-video-preview:-1"},"canonical":"https:\/\/www.h-mc.de\/index.php\/impressum\/","og_locale":"de_DE","og_type":"article","og_title":"Impressum - Haertel Management Consulting GmbH","og_description":"[vc_row][vc_column width=&#8220;1\/1&#8243;][vc_custom_heading]Impressum[\/vc_custom_heading][\/vc_column][\/vc_row][vc_row][vc_column width=&#8220;1\/1&#8243;][vc_column_text uncode_shortcode_id=&#8220;180908&#8243;]Angaben gem\u00e4\u00df \u00a7 5 TMG: Haertel Management Consulting GmbH Bgm.-Schweiger-Str. 9a 82389 B\u00f6bing Sitz der Gesellschaft ist [&hellip;]","og_url":"https:\/\/www.h-mc.de\/index.php\/impressum\/","og_site_name":"Haertel Management Consulting GmbH","article_modified_time":"2024-02-02T21:36:35+00:00","twitter_card":"summary_large_image","twitter_misc":{"Gesch\u00e4tzte Lesezeit":"4\u00a0Minuten"},"schema":{"@context":"https:\/\/schema.org","@graph":[{"@type":"WebPage","@id":"https:\/\/www.h-mc.de\/index.php\/impressum\/","url":"https:\/\/www.h-mc.de\/index.php\/impressum\/","name":"Impressum - Haertel Management Consulting GmbH","isPartOf":{"@id":"https:\/\/www.h-mc.de\/#website"},"datePublished":"2021-05-10T17:37:26+00:00","dateModified":"2024-02-02T21:36:35+00:00","breadcrumb":{"@id":"https:\/\/www.h-mc.de\/index.php\/impressum\/#breadcrumb"},"inLanguage":"de","potentialAction":[{"@type":"ReadAction","target":["https:\/\/www.h-mc.de\/index.php\/impressum\/"]}]},{"@type":"BreadcrumbList","@id":"https:\/\/www.h-mc.de\/index.php\/impressum\/#breadcrumb","itemListElement":[{"@type":"ListItem","position":1,"name":"Startseite","item":"https:\/\/www.h-mc.de\/"},{"@type":"ListItem","position":2,"name":"Impressum"}]},{"@type":"WebSite","@id":"https:\/\/www.h-mc.de\/#website","url":"https:\/\/www.h-mc.de\/","name":"Haertel Management Consulting GmbH","description":"Wertsch\u00f6pfende Probleml\u00f6sung durch quantitativ messbare Resultate \u201eon Time\u201c und \u201eon Budget\u201c","publisher":{"@id":"https:\/\/www.h-mc.de\/#organization"},"potentialAction":[{"@type":"SearchAction","target":{"@type":"EntryPoint","urlTemplate":"https:\/\/www.h-mc.de\/?s={search_term_string}"},"query-input":{"@type":"PropertyValueSpecification","valueRequired":true,"valueName":"search_term_string"}}],"inLanguage":"de"},{"@type":"Organization","@id":"https:\/\/www.h-mc.de\/#organization","name":"Haertel Management Consulting GmbH","url":"https:\/\/www.h-mc.de\/","logo":{"@type":"ImageObject","inLanguage":"de","@id":"https:\/\/www.h-mc.de\/#\/schema\/logo\/image\/","url":"https:\/\/www.h-mc.de\/wp-content\/uploads\/2022\/02\/Logo-Schriftzug.png","contentUrl":"https:\/\/www.h-mc.de\/wp-content\/uploads\/2022\/02\/Logo-Schriftzug.png","width":2238,"height":137,"caption":"Haertel Management Consulting GmbH"},"image":{"@id":"https:\/\/www.h-mc.de\/#\/schema\/logo\/image\/"},"sameAs":["https:\/\/www.linkedin.com\/company\/79435367"]}]}},"_links":{"self":[{"href":"https:\/\/www.h-mc.de\/index.php\/wp-json\/wp\/v2\/pages\/88476","targetHints":{"allow":["GET"]}}],"collection":[{"href":"https:\/\/www.h-mc.de\/index.php\/wp-json\/wp\/v2\/pages"}],"about":[{"href":"https:\/\/www.h-mc.de\/index.php\/wp-json\/wp\/v2\/types\/page"}],"author":[{"embeddable":true,"href":"https:\/\/www.h-mc.de\/index.php\/wp-json\/wp\/v2\/users\/1"}],"replies":[{"embeddable":true,"href":"https:\/\/www.h-mc.de\/index.php\/wp-json\/wp\/v2\/comments?post=88476"}],"version-history":[{"count":30,"href":"https:\/\/www.h-mc.de\/index.php\/wp-json\/wp\/v2\/pages\/88476\/revisions"}],"predecessor-version":[{"id":88965,"href":"https:\/\/www.h-mc.de\/index.php\/wp-json\/wp\/v2\/pages\/88476\/revisions\/88965"}],"wp:attachment":[{"href":"https:\/\/www.h-mc.de\/index.php\/wp-json\/wp\/v2\/media?parent=88476"}],"curies":[{"name":"wp","href":"https:\/\/api.w.org\/{rel}","templated":true}]}}