{"id":88322,"date":"2021-04-29T18:41:58","date_gmt":"2021-04-29T16:41:58","guid":{"rendered":"https:\/\/www.h-mc.de\/?page_id=88322"},"modified":"2024-02-04T16:16:05","modified_gmt":"2024-02-04T15:16:05","slug":"karriere","status":"publish","type":"page","link":"https:\/\/www.h-mc.de\/index.php\/karriere\/","title":{"rendered":"Karriere &#8211; \u00dcbersicht"},"content":{"rendered":"<div class=\"wpb-content-wrapper\"><p>[vc_row][vc_column width=&#8220;1\/1&#8243;][vc_custom_heading uncode_shortcode_id=&#8220;430209&#8243;]Karriere bei HMC[\/vc_custom_heading][vc_column_text text_lead=&#8220;yes&#8220; uncode_shortcode_id=&#8220;332399&#8243;]Wenn Sie sp\u00fcren, dass es Zeit ist, einen Gang h\u00f6her zu schalten; Sie angetrieben sind von der Suche nach Begeisterung und dem Verlangen nach mehr, dann sind Sie bei uns richtig. Denn wir von HMC unterst\u00fctzen diese Ambitionen. Bei uns erleben Sie herausfordernde und spannende Projekte bei f\u00fchrenden Unternehmen. Sie entwickeln sich pers\u00f6nlich mit hoher Geschwindigkeit weiter. Ganz besonders, wenn Sie einen Beratungsansatz m\u00f6gen, der darauf baut, gemeinsam mit dem Klienten funktionierende und pragmatische L\u00f6sungen zu erarbeiten und die Zukunft des Unternehmens mitzugestalten.[\/vc_column_text][\/vc_column][\/vc_row][vc_row][vc_column width=&#8220;1\/1&#8243;][vc_empty_space empty_h=&#8220;2&#8243;][\/vc_column][\/vc_row]<\/p>\n<\/div>","protected":false},"excerpt":{"rendered":"<p>[vc_row][vc_column width=&#8220;1\/1&#8243;][vc_custom_heading uncode_shortcode_id=&#8220;430209&#8243;]Karriere bei HMC[\/vc_custom_heading][vc_column_text text_lead=&#8220;yes&#8220; uncode_shortcode_id=&#8220;332399&#8243;]Wenn Sie sp\u00fcren, dass es Zeit ist, einen Gang h\u00f6her zu schalten; Sie angetrieben [&hellip;]<\/p>\n","protected":false},"author":1,"featured_media":0,"parent":0,"menu_order":0,"comment_status":"open","ping_status":"closed","template":"","meta":{"footnotes":""},"class_list":["post-88322","page","type-page","status-publish","hentry","page_category-active"],"yoast_head":"<!-- This site is optimized with the Yoast SEO plugin v27.4 - https:\/\/yoast.com\/product\/yoast-seo-wordpress\/ -->\n<title>Karriere - \u00dcbersicht - Haertel Management Consulting GmbH<\/title>\n<meta name=\"robots\" content=\"index, follow, max-snippet:-1, max-image-preview:large, max-video-preview:-1\" \/>\n<link rel=\"canonical\" href=\"https:\/\/www.h-mc.de\/index.php\/karriere\/\" \/>\n<meta property=\"og:locale\" content=\"de_DE\" \/>\n<meta property=\"og:type\" content=\"article\" \/>\n<meta property=\"og:title\" content=\"Karriere - \u00dcbersicht - Haertel Management Consulting GmbH\" \/>\n<meta property=\"og:description\" content=\"[vc_row][vc_column width=&#8220;1\/1&#8243;][vc_custom_heading uncode_shortcode_id=&#8220;430209&#8243;]Karriere bei HMC[\/vc_custom_heading][vc_column_text text_lead=&#8220;yes&#8220; uncode_shortcode_id=&#8220;332399&#8243;]Wenn Sie sp\u00fcren, dass es Zeit ist, einen Gang h\u00f6her zu schalten; Sie angetrieben [&hellip;]\" \/>\n<meta property=\"og:url\" content=\"https:\/\/www.h-mc.de\/index.php\/karriere\/\" \/>\n<meta property=\"og:site_name\" content=\"Haertel Management Consulting GmbH\" \/>\n<meta property=\"article:modified_time\" content=\"2024-02-04T15:16:05+00:00\" \/>\n<meta name=\"twitter:card\" content=\"summary_large_image\" \/>\n<meta name=\"twitter:label1\" content=\"Gesch\u00e4tzte Lesezeit\" \/>\n\t<meta name=\"twitter:data1\" content=\"1\u00a0Minute\" \/>\n<script type=\"application\/ld+json\" class=\"yoast-schema-graph\">{\"@context\":\"https:\\\/\\\/schema.org\",\"@graph\":[{\"@type\":\"WebPage\",\"@id\":\"https:\\\/\\\/www.h-mc.de\\\/index.php\\\/karriere\\\/\",\"url\":\"https:\\\/\\\/www.h-mc.de\\\/index.php\\\/karriere\\\/\",\"name\":\"Karriere - \u00dcbersicht - Haertel Management Consulting GmbH\",\"isPartOf\":{\"@id\":\"https:\\\/\\\/www.h-mc.de\\\/#website\"},\"datePublished\":\"2021-04-29T16:41:58+00:00\",\"dateModified\":\"2024-02-04T15:16:05+00:00\",\"breadcrumb\":{\"@id\":\"https:\\\/\\\/www.h-mc.de\\\/index.php\\\/karriere\\\/#breadcrumb\"},\"inLanguage\":\"de\",\"potentialAction\":[{\"@type\":\"ReadAction\",\"target\":[\"https:\\\/\\\/www.h-mc.de\\\/index.php\\\/karriere\\\/\"]}]},{\"@type\":\"BreadcrumbList\",\"@id\":\"https:\\\/\\\/www.h-mc.de\\\/index.php\\\/karriere\\\/#breadcrumb\",\"itemListElement\":[{\"@type\":\"ListItem\",\"position\":1,\"name\":\"Startseite\",\"item\":\"https:\\\/\\\/www.h-mc.de\\\/\"},{\"@type\":\"ListItem\",\"position\":2,\"name\":\"Karriere &#8211; \u00dcbersicht\"}]},{\"@type\":\"WebSite\",\"@id\":\"https:\\\/\\\/www.h-mc.de\\\/#website\",\"url\":\"https:\\\/\\\/www.h-mc.de\\\/\",\"name\":\"Haertel Management Consulting GmbH\",\"description\":\"Wertsch\u00f6pfende Probleml\u00f6sung durch quantitativ messbare Resultate \u201eon Time\u201c und \u201eon Budget\u201c\",\"publisher\":{\"@id\":\"https:\\\/\\\/www.h-mc.de\\\/#organization\"},\"potentialAction\":[{\"@type\":\"SearchAction\",\"target\":{\"@type\":\"EntryPoint\",\"urlTemplate\":\"https:\\\/\\\/www.h-mc.de\\\/?s={search_term_string}\"},\"query-input\":{\"@type\":\"PropertyValueSpecification\",\"valueRequired\":true,\"valueName\":\"search_term_string\"}}],\"inLanguage\":\"de\"},{\"@type\":\"Organization\",\"@id\":\"https:\\\/\\\/www.h-mc.de\\\/#organization\",\"name\":\"Haertel Management Consulting GmbH\",\"url\":\"https:\\\/\\\/www.h-mc.de\\\/\",\"logo\":{\"@type\":\"ImageObject\",\"inLanguage\":\"de\",\"@id\":\"https:\\\/\\\/www.h-mc.de\\\/#\\\/schema\\\/logo\\\/image\\\/\",\"url\":\"https:\\\/\\\/www.h-mc.de\\\/wp-content\\\/uploads\\\/2022\\\/02\\\/Logo-Schriftzug.png\",\"contentUrl\":\"https:\\\/\\\/www.h-mc.de\\\/wp-content\\\/uploads\\\/2022\\\/02\\\/Logo-Schriftzug.png\",\"width\":2238,\"height\":137,\"caption\":\"Haertel Management Consulting GmbH\"},\"image\":{\"@id\":\"https:\\\/\\\/www.h-mc.de\\\/#\\\/schema\\\/logo\\\/image\\\/\"},\"sameAs\":[\"https:\\\/\\\/www.linkedin.com\\\/company\\\/79435367\"]}]}<\/script>\n<!-- \/ Yoast SEO plugin. -->","yoast_head_json":{"title":"Karriere - \u00dcbersicht - Haertel Management Consulting GmbH","robots":{"index":"index","follow":"follow","max-snippet":"max-snippet:-1","max-image-preview":"max-image-preview:large","max-video-preview":"max-video-preview:-1"},"canonical":"https:\/\/www.h-mc.de\/index.php\/karriere\/","og_locale":"de_DE","og_type":"article","og_title":"Karriere - \u00dcbersicht - Haertel Management Consulting GmbH","og_description":"[vc_row][vc_column width=&#8220;1\/1&#8243;][vc_custom_heading uncode_shortcode_id=&#8220;430209&#8243;]Karriere bei HMC[\/vc_custom_heading][vc_column_text text_lead=&#8220;yes&#8220; uncode_shortcode_id=&#8220;332399&#8243;]Wenn Sie sp\u00fcren, dass es Zeit ist, einen Gang h\u00f6her zu schalten; Sie angetrieben [&hellip;]","og_url":"https:\/\/www.h-mc.de\/index.php\/karriere\/","og_site_name":"Haertel Management Consulting GmbH","article_modified_time":"2024-02-04T15:16:05+00:00","twitter_card":"summary_large_image","twitter_misc":{"Gesch\u00e4tzte Lesezeit":"1\u00a0Minute"},"schema":{"@context":"https:\/\/schema.org","@graph":[{"@type":"WebPage","@id":"https:\/\/www.h-mc.de\/index.php\/karriere\/","url":"https:\/\/www.h-mc.de\/index.php\/karriere\/","name":"Karriere - \u00dcbersicht - Haertel Management Consulting GmbH","isPartOf":{"@id":"https:\/\/www.h-mc.de\/#website"},"datePublished":"2021-04-29T16:41:58+00:00","dateModified":"2024-02-04T15:16:05+00:00","breadcrumb":{"@id":"https:\/\/www.h-mc.de\/index.php\/karriere\/#breadcrumb"},"inLanguage":"de","potentialAction":[{"@type":"ReadAction","target":["https:\/\/www.h-mc.de\/index.php\/karriere\/"]}]},{"@type":"BreadcrumbList","@id":"https:\/\/www.h-mc.de\/index.php\/karriere\/#breadcrumb","itemListElement":[{"@type":"ListItem","position":1,"name":"Startseite","item":"https:\/\/www.h-mc.de\/"},{"@type":"ListItem","position":2,"name":"Karriere &#8211; \u00dcbersicht"}]},{"@type":"WebSite","@id":"https:\/\/www.h-mc.de\/#website","url":"https:\/\/www.h-mc.de\/","name":"Haertel Management Consulting GmbH","description":"Wertsch\u00f6pfende Probleml\u00f6sung durch quantitativ messbare Resultate \u201eon Time\u201c und \u201eon Budget\u201c","publisher":{"@id":"https:\/\/www.h-mc.de\/#organization"},"potentialAction":[{"@type":"SearchAction","target":{"@type":"EntryPoint","urlTemplate":"https:\/\/www.h-mc.de\/?s={search_term_string}"},"query-input":{"@type":"PropertyValueSpecification","valueRequired":true,"valueName":"search_term_string"}}],"inLanguage":"de"},{"@type":"Organization","@id":"https:\/\/www.h-mc.de\/#organization","name":"Haertel Management Consulting GmbH","url":"https:\/\/www.h-mc.de\/","logo":{"@type":"ImageObject","inLanguage":"de","@id":"https:\/\/www.h-mc.de\/#\/schema\/logo\/image\/","url":"https:\/\/www.h-mc.de\/wp-content\/uploads\/2022\/02\/Logo-Schriftzug.png","contentUrl":"https:\/\/www.h-mc.de\/wp-content\/uploads\/2022\/02\/Logo-Schriftzug.png","width":2238,"height":137,"caption":"Haertel Management Consulting GmbH"},"image":{"@id":"https:\/\/www.h-mc.de\/#\/schema\/logo\/image\/"},"sameAs":["https:\/\/www.linkedin.com\/company\/79435367"]}]}},"_links":{"self":[{"href":"https:\/\/www.h-mc.de\/index.php\/wp-json\/wp\/v2\/pages\/88322","targetHints":{"allow":["GET"]}}],"collection":[{"href":"https:\/\/www.h-mc.de\/index.php\/wp-json\/wp\/v2\/pages"}],"about":[{"href":"https:\/\/www.h-mc.de\/index.php\/wp-json\/wp\/v2\/types\/page"}],"author":[{"embeddable":true,"href":"https:\/\/www.h-mc.de\/index.php\/wp-json\/wp\/v2\/users\/1"}],"replies":[{"embeddable":true,"href":"https:\/\/www.h-mc.de\/index.php\/wp-json\/wp\/v2\/comments?post=88322"}],"version-history":[{"count":13,"href":"https:\/\/www.h-mc.de\/index.php\/wp-json\/wp\/v2\/pages\/88322\/revisions"}],"predecessor-version":[{"id":88746,"href":"https:\/\/www.h-mc.de\/index.php\/wp-json\/wp\/v2\/pages\/88322\/revisions\/88746"}],"wp:attachment":[{"href":"https:\/\/www.h-mc.de\/index.php\/wp-json\/wp\/v2\/media?parent=88322"}],"curies":[{"name":"wp","href":"https:\/\/api.w.org\/{rel}","templated":true}]}}