{"id":88316,"date":"2021-04-29T18:29:38","date_gmt":"2021-04-29T16:29:38","guid":{"rendered":"https:\/\/www.h-mc.de\/?page_id=88316"},"modified":"2022-02-28T16:43:17","modified_gmt":"2022-02-28T15:43:17","slug":"datenschutz","status":"publish","type":"page","link":"https:\/\/www.h-mc.de\/index.php\/datenschutz\/","title":{"rendered":"Datenschutz"},"content":{"rendered":"<div class=\"wpb-content-wrapper\"><p>[vc_row][vc_column width=&#8220;1\/1&#8243;][vc_custom_heading]Datenschutzerkl\u00e4rung[\/vc_custom_heading][vc_column_text text_lead=&#8220;small&#8220; uncode_shortcode_id=&#8220;203881&#8243;]<\/p>\n<section class=\"av_textblock_section\">\n<div class=\"avia_textblock \">\n<h4><strong>Einleitung und allgemeine Angaben<\/strong><\/h4>\n<p>Wir informieren Sie nachfolgend gem\u00e4\u00df den gesetzlichen Vorgaben des Datenschutzrechts (insb. gem\u00e4\u00df BDSG n.F. und der europ\u00e4ischen Datenschutz-Grundverordnung \u201aDS-GVO\u2018) \u00fcber die Art, den Umfang und Zweck der Verarbeitung personenbezogener Daten durch unser Unternehmen . Im Folgenden finden Sie Informationen zum Umgang mit Ihren Daten, die durch Ihre Nutzung unserer Website erfasst werden. Die Verarbeitung Ihrer Daten erfolgt entsprechend den gesetzlichen Regelungen zum Datenschutz.<\/p>\n<\/div>\n<\/section>\n<section class=\"av_textblock_section\">\n<div class=\"avia_textblock \">\n<p><strong>Verantwortlicher im Sinne der DSGVO<br \/>\n<\/strong>Haertel Management Consulting GmbH<br \/>\nBgm.-Schweiger-Str. 9a<br \/>\n82389 B\u00f6bing<br \/>\nE-Mail: info@h-mc.de<\/p>\n<p><strong>Kontaktdaten des Datenschutzbeauftragten<br \/>\n<\/strong>Dr. Ingo H\u00e4rtel<br \/>\nBgm.-Schweiger-Str. 9a<br \/>\n82389 B\u00f6bing<br \/>\nE-Mail: datenschutz@h-mc.de<\/p>\n<\/div>\n<\/section>\n<section class=\"av_textblock_section\">\n<div class=\"avia_textblock \">\n<h4><strong>Begriffsbestimmungen<\/strong><\/h4>\n<p>In dieser Datenschutzerkl\u00e4rung werden in der Regel die offiziellen Begriffe der Datenschutzgrundverordnung (DSGVO) verwendet. Die offiziellen Begriffsbestimmungen werden in Art. 4 DSGVO erl\u00e4utert.<\/p>\n<\/div>\n<\/section>\n<section class=\"av_textblock_section\">\n<div class=\"avia_textblock \">\n<div class=\"hr hr-custom hr-left hr-icon-no avia-builder-el-10 avia-builder-el-no-sibling \"><\/div>\n<h4><strong>Webhosting<\/strong><\/h4>\n<p>Diese Website wird bei einem externen Dienstleister gehostet (Hoster). Das Hosting dieser Website erfolgt in der EU. Personenbezogenen Daten, die auf dieser Website erfasst werden, werden auf den Servern des Hosters gespeichert. Hierbei kann es sich v. a. um IP-Adressen, Kontaktanfragen, Meta- und Kommunikationsdaten, Webseitenzugriffe und sonstige Daten, die \u00fcber eine Website generiert werden, handeln.<\/p>\n<p>Wir haben mit dem Provider einen Auftragsverarbeitungsvertrag gem\u00e4\u00df den Vorgaben nach Art. 28 DSGVO geschlossen, in welchem wir ihn verpflichten, die Daten unserer Kunden zu sch\u00fctzen und sie nicht an Dritte weiterzugeben.<\/p>\n<\/div>\n<\/section>\n<section class=\"av_textblock_section\">\n<div class=\"avia_textblock \">\n<div class=\"hr hr-custom hr-left hr-icon-no avia-builder-el-12 avia-builder-el-no-sibling \"><\/div>\n<h4><strong>Server-Logfiles<\/strong><\/h4>\n<p>Wenn Sie unsere Website aufrufen, ist es technisch notwendig, dass \u00fcber Ihren Internetbrowser Daten an unseren Webserver \u00fcbermittelt werden. Folgende Daten werden w\u00e4hrend einer laufenden Verbindung zur Kommunikation zwischen Ihrem Internetbrowser und unserem Webserver aufgezeichnet:<\/p>\n<ul>\n<li>Datum und Uhrzeit der Anforderung<\/li>\n<li>Name der angeforderten Datei<\/li>\n<li>Seite, von der aus die Datei angefordert wurde<\/li>\n<li>Zugriffsstatus<\/li>\n<li>Verwendeter Webbrowser und verwendetes Betriebssystem<\/li>\n<li>(Vollst\u00e4ndige) IP-Adresse des anfordernden Rechners<\/li>\n<li>\u00dcbertragene Datenmenge<\/li>\n<\/ul>\n<p>Die aufgelisteten Daten erheben wir, um einen reibungslosen Verbindungsaufbau der Website zu gew\u00e4hrleisten und eine komfortable Nutzung unserer Website durch die Nutzer zu erm\u00f6glichen. Zudem dient die Logdatei der Auswertung der Systemsicherheit und -stabilit\u00e4t sowie administrativen Zwecken. Rechtsgrundlage f\u00fcr die vor\u00fcbergehende Speicherung der Daten bzw. der Logfiles ist Art. 6 Abs. 1 lit. f DSGVO.<br \/>\nAus Gr\u00fcnden der technischen Sicherheit, insbesondere zur Abwehr von Angriffsversuchen auf unseren Webserver, werden diese Daten von uns kurzzeitig gespeichert. Anhand dieser Daten ist uns ein R\u00fcckschluss auf einzelne Personen nicht m\u00f6glich. Nach sp\u00e4testens sieben Tagen werden die Daten durch Verk\u00fcrzung der IP-Adresse auf Domainebene anonymisiert, sodass es nicht mehr m\u00f6glich ist, einen Bezug zum einzelnen Nutzer herzustellen.<br \/>\nIn anonymisierter Form werden die Daten daneben ggf. zu statistischen Zwecken verarbeitet. Eine Speicherung dieser Daten zusammen mit anderen personenbezogenen Daten des Nutzers, ein Abgleich mit anderen Datenbest\u00e4nden oder eine Weitergabe an Dritte findet zu keinem Zeitpunkt statt.<\/p>\n<\/div>\n<\/section>\n<section class=\"av_textblock_section\">\n<div class=\"avia_textblock \">\n<div class=\"hr hr-custom hr-left hr-icon-no avia-builder-el-14 avia-builder-el-no-sibling \"><\/div>\n<h4><strong>Cookies<\/strong><\/h4>\n<p>Diese Webseite nutzt nur technisch notwendige Cookies.<\/p>\n<p>&nbsp;<\/p>\n<\/div>\n<\/section>\n<section class=\"av_textblock_section\">\n<div class=\"avia_textblock \">\n<h4><strong>Kontaktaufnahme per E-Mail<\/strong><\/h4>\n<p>Wenn Sie uns per E-Mail Anfragen zukommen lassen, werden Ihre Angaben aus Ihrer E-Mail inklusive der von Ihnen dort angegebenen personenbezogenen Daten zwecks Bearbeitung der Anfrage und f\u00fcr den Fall von Anschlussfragen bei uns gespeichert. Diese Daten geben wir in keinem Fall ohne Ihre Einwilligung weiter. Rechtsgrundlage f\u00fcr die Verarbeitung der Daten ist unser berechtigtes Interesse an der Beantwortung Ihres Anliegens gem\u00e4\u00df Art. 6 Abs. 1 lit. f DSGVO sowie ggf. Art. 6 Abs. 1 lit. b DSGVO, sofern Ihre Anfrage auf den Abschluss eines Vertrages abzielt. Ihre Daten werden nach abschlie\u00dfender Bearbeitung Ihrer Anfrage gel\u00f6scht, sofern keine gesetzlichen Aufbewahrungspflichten entgegenstehen. Sie k\u00f6nnen im Falle von Art. 6 Abs. 1 lit. f DSGVO gegen die Verarbeitung Ihrer personenbezogenen Daten jederzeit Widerspruch einlegen.<\/p>\n<\/div>\n<\/section>\n<section class=\"av_textblock_section\">\n<div class=\"avia_textblock \">\n<div class=\"hr hr-custom hr-left hr-icon-no avia-builder-el-18 avia-builder-el-no-sibling \"><\/div>\n<h4><strong>\u00dcbersendung von Bewerbungen<\/strong><\/h4>\n<p>Wenn Sie sich per E-Mail bei uns bewerben, erheben wir personenbezogene Daten. Dazu geh\u00f6ren insbesondere Ihre Kontaktdaten (wie Vor- und Nachname, Telefonnummer und E-Mail-Adresse des Nutzers) sowie weitere von Ihnen zur Verf\u00fcgung gestellte Daten zu Ihrem Werdegang (z. B. Lebenslauf, Qualifikationen, Abschl\u00fcsse und Berufserfahrung) und Ihrer Person (z. B. Anschreiben, pers\u00f6nliche Interessen). Hierunter k\u00f6nnen auch besondere Kategorien personenbezogener Daten fallen (z. B. Angaben zu einer Schwerbehinderung). Ihre personenbezogenen Daten werden in aller Regel direkt bei Ihnen im Rahmen des Bewerbungsverfahrens erhoben und w\u00e4hrend der elektronischen \u00dcbermittlung verschl\u00fcsselt. Die vorrangige Rechtsgrundlage hierf\u00fcr ist Art. 6 Abs. 1 b DSGVO i. V. m. \u00a7 26 Abs. 1 BDSG. Daneben k\u00f6nnen Einwilligungen gem. Art. 6 Abs. 1 lit. a, 7 DS-GVO i. V. m. \u00a7 26 Abs. 2 BDSG als datenschutzrechtliche Erlaubnisvorschrift herangezogen werden. Sofern die Verarbeitung Ihrer Daten auf einer Einwilligung beruht, haben Sie jederzeit das Recht, die Einwilligung mit Wirkung f\u00fcr die Zukunft zu widerrufen.<\/p>\n<p>Innerhalb unseres Unternehmens haben ausschlie\u00dflich die Personen und Stellen (z. B. Personalwesen) Zugriff auf Ihre personenbezogenen Daten, die diese zur Durchf\u00fchrung des Bewerbungsverfahrens oder zur Erf\u00fcllung unserer gesetzlichen Pflichten unbedingt ben\u00f6tigen. Ihre Bewerbungen werden hierf\u00fcr ggf. den jeweils zust\u00e4ndigen Verantwortlichen zur Pr\u00fcfung weitergeleitet. In keinem Fall werden Ihre personenbezogenen Daten unbefugt an Dritte weitergeben.<\/p>\n<p>Ihre Daten zu einer Bewerbung auf eine konkrete Stellenausschreibung werden w\u00e4hrend des laufenden Bewerbungsprozesses bei uns gespeichert und verarbeitet. Nach Beendigung des Bewerbungsprozesses (bspw. in Form einer Zu- oder Absage) wird der Bewerbungsvorgang inkl. aller personenbezogenen Daten sp\u00e4testens sechs Monate nach der Beendigung des Bewerbungsprozesses aus dem System gel\u00f6scht. Die Daten von ausgesuchten Bewerbern werden sicher bis zu 2 Jahre gespeichert, sofern die Bewerber hierzu Ihre Einwilligung gem. Art. 6 Abs. 1 S. 1 lit. a DSGVO erteilt haben. Sie k\u00f6nnen Ihre Einwilligung jederzeit mit Wirkung f\u00fcr die Zukunft widerrufen. Hierf\u00fcr ist eine formlose E-Mail an die oben aufgef\u00fchrten Kontaktdaten des Verantwortlichen ausreichend. Im Falle einer Zusage werden Ihre Bewerbungsunterlagen in die Personalakte \u00fcbernommen.<\/p>\n<\/div>\n<\/section>\n<section class=\"av_textblock_section\">\n<div class=\"avia_textblock \">\n<div class=\"hr hr-custom hr-left hr-icon-no avia-builder-el-20 avia-builder-el-no-sibling \"><\/div>\n<\/div>\n<\/section>\n<section class=\"av_textblock_section\">\n<div class=\"avia_textblock \"><\/div>\n<\/section>\n<section class=\"av_textblock_section\">\n<div class=\"avia_textblock \"><\/div>\n<\/section>\n<section class=\"av_textblock_section\">\n<div class=\"avia_textblock \">\n<h4><strong>2. Generelle Angaben auf Social Media Plattformen<\/strong><\/h4>\n<ul>\n<li><strong>Verantwortliche Stelle<\/strong><br \/>\nVerantwortlicher f\u00fcr die Datenverarbeitung im Sinne der DSGVO ist die am Anfang dieser Datenschutzerkl\u00e4rung genannte Stelle, soweit \u00fcber eine der Social Media-Plattformen von Ihnen \u00fcbermittelten Daten durch uns selbst verarbeitet werden.<\/li>\n<\/ul>\n<ul>\n<li><strong>Unser Datenschutzbeauftragter<\/strong><br \/>\nBei Anliegen zu Datenverarbeitungen, die durch uns als Verantwortlichen durchgef\u00fchrt werden, erreichen Sie unseren Datenschutzbeauftragten unter den am Anfang dieser Datenschutzerkl\u00e4rung genannten Kontaktdaten.<\/li>\n<\/ul>\n<\/div>\n<\/section>\n<section class=\"av_textblock_section\">\n<div class=\"avia_textblock \">\n<div class=\"hr hr-custom hr-left hr-icon-no avia-builder-el-39 avia-builder-el-no-sibling \"><\/div>\n<\/div>\n<\/section>\n<section class=\"av_textblock_section\">\n<div class=\"avia_textblock \"><\/div>\n<\/section>\n<section class=\"av_textblock_section\">\n<div class=\"avia_textblock \">\n<h4><strong>Datenweitergabe und Empf\u00e4nger<br \/>\n<\/strong><\/h4>\n<p>Eine \u00dcbermittlung Ihrer personenbezogenen Daten an Dritte findet nicht statt, au\u00dfer<\/p>\n<ul>\n<li>wenn wir in der Beschreibung der jeweiligen Datenverarbeitung explizit darauf hingewiesen haben.<\/li>\n<li>wenn Sie ausdr\u00fcckliche Einwilligung nach Art. 6 Abs. 1 S. 1 lit. a DSGVO dazu erteilt haben,<\/li>\n<li>die Weitergabe nach Art. 6 Abs. 1 S. 1 lit. f DSGVO zur Geltendmachung, Aus\u00fcbung oder Verteidigung von Rechtsanspr\u00fcchen erforderlich ist und kein Grund zur Annahme besteht, dass Sie ein \u00fcberwiegendes schutzw\u00fcrdiges Interesse an der Nichtweitergabe Ihrer Daten haben,<\/li>\n<li>im Falle, dass f\u00fcr die Weitergabe nach Art. 6 Abs. 1 S. 1 lit. c DSGVO eine gesetzliche Verpflichtung besteht und<\/li>\n<li>soweit dies nach Art. 6 Abs. 1 S. 1 lit. b DSGVO f\u00fcr die Abwicklung von Vertragsverh\u00e4ltnissen mit Ihnen erforderlich ist.<\/li>\n<\/ul>\n<p>Wir nutzen dar\u00fcber hinaus f\u00fcr die Abwicklung unserer Services externe Dienstleister, die wir sorgf\u00e4ltig ausgew\u00e4hlt und schriftlich beauftragt haben. Sie sind an unsere Weisungen gebunden und werden von uns regelm\u00e4\u00dfig kontrolliert. Mit welchen wir erforderlichenfalls Auftragsverarbeitungsvertr\u00e4ge gem. Art. 28 DSGVO geschlossen haben. Diese sind Dienstleister f\u00fcr das Webhosting, den Versand von E-Mails sowie Wartung und Pflege unserer IT-Systemen usw. Die Dienstleister werden diese Daten nicht an Dritte weitergeben.<\/p>\n<\/div>\n<\/section>\n<section class=\"av_textblock_section\">\n<div class=\"avia_textblock \">\n<div class=\"hr hr-custom hr-left hr-icon-no avia-builder-el-45 avia-builder-el-no-sibling \"><\/div>\n<h4><strong>Datensicherheit<\/strong><\/h4>\n<p>Wir treffen nach Ma\u00dfgabe des Art. 32 DSGVO unter Ber\u00fccksichtigung des Stands der Technik, der Implementierungskosten und der Art, des Umfangs, der Umst\u00e4nde und der Zwecke der Verarbeitung sowie der unterschiedlichen Eintrittswahrscheinlichkeit und Schwere des Risikos f\u00fcr die Rechte und Freiheiten nat\u00fcrlicher Personen, geeignete technische und organisatorische Ma\u00dfnahmen, um ein dem Risiko angemessenes Schutzniveau zu gew\u00e4hrleisten. Diese Website nutzt aus Gr\u00fcnden der Sicherheit und zum Schutz der \u00dcbertragung vertraulicher Inhalte eine SSL-Verschl\u00fcsselung.<\/p>\n<\/div>\n<\/section>\n<section class=\"av_textblock_section\">\n<div class=\"avia_textblock \">\n<div class=\"hr hr-custom hr-left hr-icon-no avia-builder-el-47 avia-builder-el-no-sibling \"><\/div>\n<h4><strong>Dauer der Speicherung personenbezogener Daten<\/strong><\/h4>\n<p>Die Dauer der Speicherung von personenbezogenen Daten bemisst sich an den einschl\u00e4gigen gesetzlichen Aufbewahrungsfristen (z. B. aus dem Handelsrecht und dem Steuerrecht). Nach Ablauf der jeweiligen Frist werden die entsprechenden Daten routinem\u00e4\u00dfig gel\u00f6scht. Sofern Daten zur Vertragserf\u00fcllung oder Vertragsanbahnung erforderlich sind oder unsererseits ein berechtigtes Interesse an der Weiterspeicherung besteht, werden die Daten gel\u00f6scht, wenn Sie zu diesen Zwecken nicht mehr erforderlich sind oder Sie von Ihrem Widerrufs- oder Widerspruchsrecht Gebrauch gemacht machen.<\/p>\n<\/div>\n<\/section>\n<section class=\"av_textblock_section\">\n<div class=\"avia_textblock \">\n<div class=\"hr hr-custom hr-left hr-icon-no avia-builder-el-49 avia-builder-el-no-sibling \"><\/div>\n<h4><strong>Ihre Rechte<\/strong><\/h4>\n<p>Im Folgenden finden Sie Informationen dazu, welche Betroffenenrechte das geltende Datenschutzrecht Ihnen gegen\u00fcber dem Verantwortlichen hinsichtlich der Verarbeitung Ihrer personenbezogenen Daten gew\u00e4hrt:<\/p>\n<p>Das Recht, gem\u00e4\u00df Art. 15 DSGVO Auskunft \u00fcber Ihre von uns verarbeiteten personenbezogenen Daten zu verlangen. Insbesondere k\u00f6nnen Sie Auskunft \u00fcber die Verarbeitungszwecke, die Kategorie der personenbezogenen Daten, die Kategorien von Empf\u00e4ngern, gegen\u00fcber denen Ihre Daten offengelegt wurden oder werden, die geplante Speicherdauer, das Bestehen eines Rechts auf Berichtigung, L\u00f6schung, Einschr\u00e4nkung der Verarbeitung oder Widerspruch, das Bestehen eines Beschwerderechts, die Herkunft ihrer Daten, sofern diese nicht bei uns erhoben wurden, sowie \u00fcber das Bestehen einer automatisierten Entscheidungsfindung einschlie\u00dflich Profiling und ggf. aussagekr\u00e4ftigen Informationen zu deren Einzelheiten verlangen.<\/p>\n<p>Das Recht, gem\u00e4\u00df Art. 16 DSGVO unverz\u00fcglich die Berichtigung unrichtiger oder Vervollst\u00e4ndigung Ihrer bei uns gespeicherten personenbezogenen Daten zu verlangen.<\/p>\n<p>Das Recht, gem\u00e4\u00df Art. 17 DSGVO die L\u00f6schung Ihrer bei uns gespeicherten personenbezogenen Daten zu verlangen, soweit nicht die Verarbeitung zur Aus\u00fcbung des Rechts auf freie Meinungs\u00e4u\u00dferung und Information, zur Erf\u00fcllung einer rechtlichen Verpflichtung, aus Gr\u00fcnden des \u00f6ffentlichen Interesses oder zur Geltendmachung, Aus\u00fcbung oder Verteidigung von Rechtsanspr\u00fcchen erforderlich ist.<\/p>\n<p>Das Recht, gem\u00e4\u00df Art. 18 DSGVO die Einschr\u00e4nkung der Verarbeitung Ihrer personenbezogenen Daten zu verlangen, soweit die Richtigkeit der Daten von Ihnen bestritten wird, die Verarbeitung unrechtm\u00e4\u00dfig ist, Sie aber deren L\u00f6schung ablehnen und wir die Daten nicht mehr ben\u00f6tigen, Sie jedoch diese zur Geltendmachung, Aus\u00fcbung oder Verteidigung von Rechtsanspr\u00fcchen ben\u00f6tigen oder Sie gem\u00e4\u00df Art. 21 DSGVO Widerspruch gegen die Verarbeitung eingelegt haben<\/p>\n<p>Das Recht, gem\u00e4\u00df Art. 20 DSGVO Ihre personenbezogenen Daten, die Sie uns bereitgestellt haben, in einem strukturierten, g\u00e4ngigen und maschinenlesebaren Format zu erhalten oder die \u00dcbermittlung an einen anderen Verantwortlichen zu verlangen.<\/p>\n<p>Das Recht, sich gem\u00e4\u00df Art. 77 DSGVO bei einer Aufsichtsbeh\u00f6rde zu beschweren. In der Regel k\u00f6nnen Sie sich hierf\u00fcr an die Aufsichtsbeh\u00f6rde des Bundeslandes unseres oben angegebenen Sitzes oder ggf. die Ihres \u00fcblichen Aufenthaltsortes oder Arbeitsplatzes wenden.<\/p>\n<p>Das Recht auf Widerruf erteilter Einwilligungen gem\u00e4\u00df Art. 7 Abs. 3 DSGVO: Sie haben das Recht, eine einmal erteilte Einwilligung in die Verarbeitung von Daten jederzeit mit Wirkung f\u00fcr die Zukunft zu widerrufen. Im Falle des Widerrufs werden wir die betroffenen Daten unverz\u00fcglich l\u00f6schen, sofern eine weitere Verarbeitung nicht auf eine Rechtsgrundlage zur einwilligungslosen Verarbeitung gest\u00fctzt werden kann. Durch den Widerruf der Einwilligung wird die Rechtm\u00e4\u00dfigkeit der aufgrund der Einwilligung bis zum Widerruf erfolgten Verarbeitung nicht ber\u00fchrt.<\/p>\n<\/div>\n<\/section>\n<section class=\"av_textblock_section\">\n<div class=\"avia_textblock \">\n<div class=\"hr hr-custom hr-left hr-icon-no avia-builder-el-51 avia-builder-el-no-sibling \"><\/div>\n<h4><strong>Widerspruchsrecht<\/strong><\/h4>\n<p><strong>Sofern Ihre personenbezogenen Daten von uns auf Grundlage von berechtigten Interessen gem\u00e4\u00df Art. 6 Abs. 1 S. 1 lit. f DSGVO verarbeitet werden, haben Sie gem\u00e4\u00df Art. 21 DSGVO das Recht, Widerspruch gegen die Verarbeitung Ihrer personenbezogenen Daten einzulegen, soweit dies aus Gr\u00fcnden erfolgt, die sich aus Ihrer besonderen Situation ergeben. Soweit sich der Widerspruch gegen die Verarbeitung personenbezogener Daten zum Zwecke von Direktwerbung richtet, haben Sie ein generelles Widerspruchsrecht ohne das Erfordernis der Angabe einer besonderen Situation.\u00a0<\/strong>M\u00f6chten Sie von Ihrem Widerrufs- oder Widerspruchsrecht Gebrauch machen, gen\u00fcgt eine E-Mail an: info@h-mc.de<\/p>\n<\/div>\n<\/section>\n<section class=\"av_textblock_section\">\n<div class=\"avia_textblock \">\n<div class=\"hr hr-custom hr-left hr-icon-no avia-builder-el-53 avia-builder-el-no-sibling \"><\/div>\n<p><strong>\u00c4nderungsvorbehalt<\/strong><\/p>\n<p>Wir behalten uns vor, diese Datenschutzerkl\u00e4rung erforderlichenfalls unter Beachtung der geltenden Datenschutzvorschriften anzupassen bzw. zu aktualisieren. Auf diese Weise k\u00f6nnen wir sie den aktuellen rechtlichen Anforderungen anpassen und \u00c4nderungen unserer Leistungen ber\u00fccksichtigen, z. B. bei der Einf\u00fchrung neuer Services. F\u00fcr Ihren Besuch gilt die jeweils aktuelle Fassung.<\/p>\n<p>Stand dieser Datenschutzerkl\u00e4rung: 14.01.2022<\/p>\n<\/div>\n<\/section>\n<p>[\/vc_column_text][\/vc_column][\/vc_row][vc_row][vc_column width=&#8220;1\/1&#8243;][vc_empty_space empty_h=&#8220;2&#8243;][\/vc_column][\/vc_row]<\/p>\n<\/div>","protected":false},"excerpt":{"rendered":"<p>[vc_row][vc_column width=&#8220;1\/1&#8243;][vc_custom_heading]Datenschutzerkl\u00e4rung[\/vc_custom_heading][vc_column_text text_lead=&#8220;small&#8220; uncode_shortcode_id=&#8220;203881&#8243;] Einleitung und allgemeine Angaben Wir informieren Sie nachfolgend gem\u00e4\u00df den gesetzlichen Vorgaben des Datenschutzrechts (insb. gem\u00e4\u00df [&hellip;]<\/p>\n","protected":false},"author":1,"featured_media":0,"parent":0,"menu_order":0,"comment_status":"open","ping_status":"closed","template":"","meta":{"footnotes":""},"class_list":["post-88316","page","type-page","status-publish","hentry","page_category-active"],"yoast_head":"<!-- This site is optimized with the Yoast SEO plugin v27.4 - https:\/\/yoast.com\/product\/yoast-seo-wordpress\/ -->\n<title>Datenschutz - Haertel Management Consulting GmbH<\/title>\n<meta name=\"description\" content=\"Datenschutzerkl\u00e4rung\" \/>\n<meta name=\"robots\" content=\"index, follow, max-snippet:-1, max-image-preview:large, max-video-preview:-1\" \/>\n<link rel=\"canonical\" href=\"https:\/\/www.h-mc.de\/index.php\/datenschutz\/\" \/>\n<meta property=\"og:locale\" content=\"de_DE\" \/>\n<meta property=\"og:type\" content=\"article\" \/>\n<meta property=\"og:title\" content=\"Datenschutz - Haertel Management Consulting GmbH\" \/>\n<meta property=\"og:description\" content=\"Datenschutzerkl\u00e4rung\" \/>\n<meta property=\"og:url\" content=\"https:\/\/www.h-mc.de\/index.php\/datenschutz\/\" \/>\n<meta property=\"og:site_name\" content=\"Haertel Management Consulting GmbH\" \/>\n<meta property=\"article:modified_time\" content=\"2022-02-28T15:43:17+00:00\" \/>\n<meta name=\"twitter:card\" content=\"summary_large_image\" \/>\n<meta name=\"twitter:label1\" content=\"Gesch\u00e4tzte Lesezeit\" \/>\n\t<meta name=\"twitter:data1\" content=\"10\u00a0Minuten\" \/>\n<script type=\"application\/ld+json\" class=\"yoast-schema-graph\">{\"@context\":\"https:\\\/\\\/schema.org\",\"@graph\":[{\"@type\":\"WebPage\",\"@id\":\"https:\\\/\\\/www.h-mc.de\\\/index.php\\\/datenschutz\\\/\",\"url\":\"https:\\\/\\\/www.h-mc.de\\\/index.php\\\/datenschutz\\\/\",\"name\":\"Datenschutz - Haertel Management Consulting GmbH\",\"isPartOf\":{\"@id\":\"https:\\\/\\\/www.h-mc.de\\\/#website\"},\"datePublished\":\"2021-04-29T16:29:38+00:00\",\"dateModified\":\"2022-02-28T15:43:17+00:00\",\"description\":\"Datenschutzerkl\u00e4rung\",\"breadcrumb\":{\"@id\":\"https:\\\/\\\/www.h-mc.de\\\/index.php\\\/datenschutz\\\/#breadcrumb\"},\"inLanguage\":\"de\",\"potentialAction\":[{\"@type\":\"ReadAction\",\"target\":[\"https:\\\/\\\/www.h-mc.de\\\/index.php\\\/datenschutz\\\/\"]}]},{\"@type\":\"BreadcrumbList\",\"@id\":\"https:\\\/\\\/www.h-mc.de\\\/index.php\\\/datenschutz\\\/#breadcrumb\",\"itemListElement\":[{\"@type\":\"ListItem\",\"position\":1,\"name\":\"Startseite\",\"item\":\"https:\\\/\\\/www.h-mc.de\\\/\"},{\"@type\":\"ListItem\",\"position\":2,\"name\":\"Datenschutz\"}]},{\"@type\":\"WebSite\",\"@id\":\"https:\\\/\\\/www.h-mc.de\\\/#website\",\"url\":\"https:\\\/\\\/www.h-mc.de\\\/\",\"name\":\"Haertel Management Consulting GmbH\",\"description\":\"Wertsch\u00f6pfende Probleml\u00f6sung durch quantitativ messbare Resultate \u201eon Time\u201c und \u201eon Budget\u201c\",\"publisher\":{\"@id\":\"https:\\\/\\\/www.h-mc.de\\\/#organization\"},\"potentialAction\":[{\"@type\":\"SearchAction\",\"target\":{\"@type\":\"EntryPoint\",\"urlTemplate\":\"https:\\\/\\\/www.h-mc.de\\\/?s={search_term_string}\"},\"query-input\":{\"@type\":\"PropertyValueSpecification\",\"valueRequired\":true,\"valueName\":\"search_term_string\"}}],\"inLanguage\":\"de\"},{\"@type\":\"Organization\",\"@id\":\"https:\\\/\\\/www.h-mc.de\\\/#organization\",\"name\":\"Haertel Management Consulting GmbH\",\"url\":\"https:\\\/\\\/www.h-mc.de\\\/\",\"logo\":{\"@type\":\"ImageObject\",\"inLanguage\":\"de\",\"@id\":\"https:\\\/\\\/www.h-mc.de\\\/#\\\/schema\\\/logo\\\/image\\\/\",\"url\":\"https:\\\/\\\/www.h-mc.de\\\/wp-content\\\/uploads\\\/2022\\\/02\\\/Logo-Schriftzug.png\",\"contentUrl\":\"https:\\\/\\\/www.h-mc.de\\\/wp-content\\\/uploads\\\/2022\\\/02\\\/Logo-Schriftzug.png\",\"width\":2238,\"height\":137,\"caption\":\"Haertel Management Consulting GmbH\"},\"image\":{\"@id\":\"https:\\\/\\\/www.h-mc.de\\\/#\\\/schema\\\/logo\\\/image\\\/\"},\"sameAs\":[\"https:\\\/\\\/www.linkedin.com\\\/company\\\/79435367\"]}]}<\/script>\n<!-- \/ Yoast SEO plugin. -->","yoast_head_json":{"title":"Datenschutz - Haertel Management Consulting GmbH","description":"Datenschutzerkl\u00e4rung","robots":{"index":"index","follow":"follow","max-snippet":"max-snippet:-1","max-image-preview":"max-image-preview:large","max-video-preview":"max-video-preview:-1"},"canonical":"https:\/\/www.h-mc.de\/index.php\/datenschutz\/","og_locale":"de_DE","og_type":"article","og_title":"Datenschutz - Haertel Management Consulting GmbH","og_description":"Datenschutzerkl\u00e4rung","og_url":"https:\/\/www.h-mc.de\/index.php\/datenschutz\/","og_site_name":"Haertel Management Consulting GmbH","article_modified_time":"2022-02-28T15:43:17+00:00","twitter_card":"summary_large_image","twitter_misc":{"Gesch\u00e4tzte Lesezeit":"10\u00a0Minuten"},"schema":{"@context":"https:\/\/schema.org","@graph":[{"@type":"WebPage","@id":"https:\/\/www.h-mc.de\/index.php\/datenschutz\/","url":"https:\/\/www.h-mc.de\/index.php\/datenschutz\/","name":"Datenschutz - Haertel Management Consulting GmbH","isPartOf":{"@id":"https:\/\/www.h-mc.de\/#website"},"datePublished":"2021-04-29T16:29:38+00:00","dateModified":"2022-02-28T15:43:17+00:00","description":"Datenschutzerkl\u00e4rung","breadcrumb":{"@id":"https:\/\/www.h-mc.de\/index.php\/datenschutz\/#breadcrumb"},"inLanguage":"de","potentialAction":[{"@type":"ReadAction","target":["https:\/\/www.h-mc.de\/index.php\/datenschutz\/"]}]},{"@type":"BreadcrumbList","@id":"https:\/\/www.h-mc.de\/index.php\/datenschutz\/#breadcrumb","itemListElement":[{"@type":"ListItem","position":1,"name":"Startseite","item":"https:\/\/www.h-mc.de\/"},{"@type":"ListItem","position":2,"name":"Datenschutz"}]},{"@type":"WebSite","@id":"https:\/\/www.h-mc.de\/#website","url":"https:\/\/www.h-mc.de\/","name":"Haertel Management Consulting GmbH","description":"Wertsch\u00f6pfende Probleml\u00f6sung durch quantitativ messbare Resultate \u201eon Time\u201c und \u201eon Budget\u201c","publisher":{"@id":"https:\/\/www.h-mc.de\/#organization"},"potentialAction":[{"@type":"SearchAction","target":{"@type":"EntryPoint","urlTemplate":"https:\/\/www.h-mc.de\/?s={search_term_string}"},"query-input":{"@type":"PropertyValueSpecification","valueRequired":true,"valueName":"search_term_string"}}],"inLanguage":"de"},{"@type":"Organization","@id":"https:\/\/www.h-mc.de\/#organization","name":"Haertel Management Consulting GmbH","url":"https:\/\/www.h-mc.de\/","logo":{"@type":"ImageObject","inLanguage":"de","@id":"https:\/\/www.h-mc.de\/#\/schema\/logo\/image\/","url":"https:\/\/www.h-mc.de\/wp-content\/uploads\/2022\/02\/Logo-Schriftzug.png","contentUrl":"https:\/\/www.h-mc.de\/wp-content\/uploads\/2022\/02\/Logo-Schriftzug.png","width":2238,"height":137,"caption":"Haertel Management Consulting GmbH"},"image":{"@id":"https:\/\/www.h-mc.de\/#\/schema\/logo\/image\/"},"sameAs":["https:\/\/www.linkedin.com\/company\/79435367"]}]}},"_links":{"self":[{"href":"https:\/\/www.h-mc.de\/index.php\/wp-json\/wp\/v2\/pages\/88316","targetHints":{"allow":["GET"]}}],"collection":[{"href":"https:\/\/www.h-mc.de\/index.php\/wp-json\/wp\/v2\/pages"}],"about":[{"href":"https:\/\/www.h-mc.de\/index.php\/wp-json\/wp\/v2\/types\/page"}],"author":[{"embeddable":true,"href":"https:\/\/www.h-mc.de\/index.php\/wp-json\/wp\/v2\/users\/1"}],"replies":[{"embeddable":true,"href":"https:\/\/www.h-mc.de\/index.php\/wp-json\/wp\/v2\/comments?post=88316"}],"version-history":[{"count":26,"href":"https:\/\/www.h-mc.de\/index.php\/wp-json\/wp\/v2\/pages\/88316\/revisions"}],"predecessor-version":[{"id":88735,"href":"https:\/\/www.h-mc.de\/index.php\/wp-json\/wp\/v2\/pages\/88316\/revisions\/88735"}],"wp:attachment":[{"href":"https:\/\/www.h-mc.de\/index.php\/wp-json\/wp\/v2\/media?parent=88316"}],"curies":[{"name":"wp","href":"https:\/\/api.w.org\/{rel}","templated":true}]}}